{"id":96,"date":"2025-12-28T18:44:21","date_gmt":"2025-12-28T21:44:21","guid":{"rendered":"https:\/\/app.nicchon.com\/arthur\/?page_id=96"},"modified":"2025-12-29T20:46:22","modified_gmt":"2025-12-29T23:46:22","slug":"comeco","status":"publish","type":"page","link":"https:\/\/app.nicchon.com\/arthur\/comeco\/","title":{"rendered":"Come\u00e7o"},"content":{"rendered":"<p>Toda historia tem um c<span style=\"font-size: 16px;\">ome\u00e7o, e a nossa n\u00e3o foi diferente. Lembro bem de quando eu na farm\u00e1cia e estava l\u00e1 voc\u00ea, separando medica\u00e7\u00e3o, toda concentrada no que fazia. Olhei, pensei, essa deve ser dif\u00edcil de conquistar e agradar<\/span><img loading=\"lazy\" decoding=\"async\" class=\"wp-image-108 aligncenter\" src=\"https:\/\/app.nicchon.com\/arthur\/wp-content\/uploads\/2025\/12\/imagem_2025-12-28_184554088-225x300.jpg\" alt=\"\" width=\"266\" height=\"355\" srcset=\"https:\/\/app.nicchon.com\/arthur\/wp-content\/uploads\/2025\/12\/imagem_2025-12-28_184554088-225x300.jpg 225w, https:\/\/app.nicchon.com\/arthur\/wp-content\/uploads\/2025\/12\/imagem_2025-12-28_184554088.jpg 596w\" sizes=\"auto, (max-width: 266px) 100vw, 266px\" \/><\/p>\n","protected":false},"excerpt":{"rendered":"<p>Toda historia tem um come\u00e7o, e a nossa n\u00e3o foi diferente. Lembro bem de quando eu na farm\u00e1cia e estava l\u00e1 voc\u00ea, separando medica\u00e7\u00e3o, toda concentrada no que fazia. Olhei, pensei, essa deve ser dif\u00edcil de conquistar e agradar<\/p>\n","protected":false},"author":1,"featured_media":0,"parent":0,"menu_order":0,"comment_status":"closed","ping_status":"closed","template":"","meta":{"site-sidebar-layout":"default","site-content-layout":"","ast-site-content-layout":"default","site-content-style":"default","site-sidebar-style":"default","ast-global-header-display":"","ast-banner-title-visibility":"","ast-main-header-display":"","ast-hfb-above-header-display":"","ast-hfb-below-header-display":"","ast-hfb-mobile-header-display":"","site-post-title":"","ast-breadcrumbs-content":"","ast-featured-img":"","footer-sml-layout":"","ast-disable-related-posts":"","theme-transparent-header-meta":"default","adv-header-id-meta":"","stick-header-meta":"","header-above-stick-meta":"","header-main-stick-meta":"","header-below-stick-meta":"","astra-migrate-meta-layouts":"set","ast-page-background-enabled":"default","ast-page-background-meta":{"desktop":{"background-color":"var(--ast-global-color-5)","background-image":"","background-repeat":"repeat","background-position":"center center","background-size":"auto","background-attachment":"scroll","background-type":"","background-media":"","overlay-type":"","overlay-color":"","overlay-opacity":"","overlay-gradient":""},"tablet":{"background-color":"","background-image":"","background-repeat":"repeat","background-position":"center center","background-size":"auto","background-attachment":"scroll","background-type":"","background-media":"","overlay-type":"","overlay-color":"","overlay-opacity":"","overlay-gradient":""},"mobile":{"background-color":"","background-image":"","background-repeat":"repeat","background-position":"center center","background-size":"auto","background-attachment":"scroll","background-type":"","background-media":"","overlay-type":"","overlay-color":"","overlay-opacity":"","overlay-gradient":""}},"ast-content-background-meta":{"desktop":{"background-color":"var(--ast-global-color-4)","background-image":"","background-repeat":"repeat","background-position":"center center","background-size":"auto","background-attachment":"scroll","background-type":"","background-media":"","overlay-type":"","overlay-color":"","overlay-opacity":"","overlay-gradient":""},"tablet":{"background-color":"var(--ast-global-color-4)","background-image":"","background-repeat":"repeat","background-position":"center center","background-size":"auto","background-attachment":"scroll","background-type":"","background-media":"","overlay-type":"","overlay-color":"","overlay-opacity":"","overlay-gradient":""},"mobile":{"background-color":"var(--ast-global-color-4)","background-image":"","background-repeat":"repeat","background-position":"center center","background-size":"auto","background-attachment":"scroll","background-type":"","background-media":"","overlay-type":"","overlay-color":"","overlay-opacity":"","overlay-gradient":""}},"footnotes":""},"class_list":["post-96","page","type-page","status-publish","hentry"],"_links":{"self":[{"href":"https:\/\/app.nicchon.com\/arthur\/wp-json\/wp\/v2\/pages\/96","targetHints":{"allow":["GET"]}}],"collection":[{"href":"https:\/\/app.nicchon.com\/arthur\/wp-json\/wp\/v2\/pages"}],"about":[{"href":"https:\/\/app.nicchon.com\/arthur\/wp-json\/wp\/v2\/types\/page"}],"author":[{"embeddable":true,"href":"https:\/\/app.nicchon.com\/arthur\/wp-json\/wp\/v2\/users\/1"}],"replies":[{"embeddable":true,"href":"https:\/\/app.nicchon.com\/arthur\/wp-json\/wp\/v2\/comments?post=96"}],"version-history":[{"count":6,"href":"https:\/\/app.nicchon.com\/arthur\/wp-json\/wp\/v2\/pages\/96\/revisions"}],"predecessor-version":[{"id":123,"href":"https:\/\/app.nicchon.com\/arthur\/wp-json\/wp\/v2\/pages\/96\/revisions\/123"}],"wp:attachment":[{"href":"https:\/\/app.nicchon.com\/arthur\/wp-json\/wp\/v2\/media?parent=96"}],"curies":[{"name":"wp","href":"https:\/\/api.w.org\/{rel}","templated":true}]}}